{"id":10,"date":"2025-01-02T18:31:27","date_gmt":"2025-01-02T17:31:27","guid":{"rendered":"https:\/\/booksbypixie.com\/?page_id=10"},"modified":"2025-01-10T17:28:33","modified_gmt":"2025-01-10T16:28:33","slug":"impressum","status":"publish","type":"page","link":"https:\/\/booksbypixie.com\/de\/impressum\/","title":{"rendered":"Impressum"},"content":{"rendered":"<div data-elementor-type=\"wp-page\" data-elementor-id=\"10\" class=\"elementor elementor-10\" data-elementor-post-type=\"page\">\n\t\t\t\t<div class=\"elementor-element elementor-element-2a48c3c e-flex e-con-boxed e-con e-parent\" data-id=\"2a48c3c\" data-element_type=\"container\" data-settings=\"{&quot;background_background&quot;:&quot;classic&quot;}\">\n\t\t\t\t\t<div class=\"e-con-inner\">\n\t\t<div class=\"elementor-element elementor-element-c03bf4e e-con-full e-flex e-con e-child\" data-id=\"c03bf4e\" data-element_type=\"container\">\n\t\t\t\t<div class=\"elementor-element elementor-element-97d132f elementor-widget elementor-widget-heading\" data-id=\"97d132f\" data-element_type=\"widget\" data-widget_type=\"heading.default\">\n\t\t\t\t<div class=\"elementor-widget-container\">\n\t\t\t\t\t<h2 class=\"elementor-heading-title elementor-size-default\">legal notice<\/h2>\t\t\t\t<\/div>\n\t\t\t\t<\/div>\n\t\t\t\t<\/div>\n\t\t\t\t\t<\/div>\n\t\t\t\t<\/div>\n\t\t<div class=\"elementor-element elementor-element-14bb372 e-flex e-con-boxed e-con e-parent\" data-id=\"14bb372\" data-element_type=\"container\" data-settings=\"{&quot;background_background&quot;:&quot;classic&quot;}\">\n\t\t\t\t\t<div class=\"e-con-inner\">\n\t\t\t\t<div class=\"elementor-element elementor-element-eceeec2 elementor-widget elementor-widget-text-editor\" data-id=\"eceeec2\" data-element_type=\"widget\" data-widget_type=\"text-editor.default\">\n\t\t\t\t<div class=\"elementor-widget-container\">\n\t\t\t\t\t\t\t\t\t<h4>Informationen gem\u00e4\u00df \u00a7 5 TMG (Telemediengesetz), \u00a7 55 RStV bzw. MStV (Rundfunkstaatsvertrag\/Medienstaatsvertrag)<\/h4><p><b>Webseitenbetreiber:<\/b><\/p><p><b>Online Business Yvonne Drabne<br \/><\/b>Karpatenstra\u00dfe 93<br \/>01326 Dresden<br \/>Deutschland<\/p><p><strong>Kontaktdaten:<\/strong><br \/>Telefon: +49 173 9270001<br \/>Mail: <a href=\"mailto:hello@booksbypixie.com\">hello@booksbypixie.com<\/a><\/p><p><b>UID-Nr: <\/b>DE362679205<\/p><p><b>Verantwortlich gem\u00e4\u00df \u00a7 18 MStV:<\/b><b><br \/><\/b>Yvonne Drabner<br \/>Karpatenstra\u00dfe 93<br \/>01326 Dresden<br \/>Deutschland<\/p><p><b>Online Streitbeilegung:<\/b> Plattform der EU-Kommission zur Online-Streitbeilegung:\u00a0<a href=\"http:\/\/ec.europa.eu\/consumers\/odr\" target=\"_blank\" rel=\"noopener\">ec.europa.eu\/consumers\/odr<\/a><br \/>Der Verk\u00e4ufer ist weder verpflichtet noch bereit, an einem Streitbeilegungsverfahren vor einer alternativen Streitbeilegungsstelle teilzunehmen.<\/p><p><b>Urheberrecht:<\/b> Die Inhalte dieser Webseite unterliegen, soweit dies rechtlich m\u00f6glich ist, diversen Schutzrechten (z.B dem Urheberrecht). Jegliche Verwendung\/Verbreitung von bereitgestelltem Material, welche urheberrechtlich untersagt ist, bedarf schriftlicher Zustimmung des Webseitenbetreibers.<\/p><p><b>Haftungsausschluss:<\/b> Trotz sorgf\u00e4ltiger inhaltlicher Kontrolle \u00fcbernimmt der Webseitenbetreiber dieser Webseite keine Haftung f\u00fcr die Inhalte externer Links. F\u00fcr den Inhalt der verlinkten Seiten sind ausschlie\u00dflich deren Betreiber verantwortlich. Sollten Sie dennoch auf ausgehende Links aufmerksam werden, welche auf eine Webseite mit rechtswidriger T\u00e4tigkeit\/Information verweisen, ersuchen wir um dementsprechenden Hinweis, um diese nach \u00a7 17 Abs. 2 ECG umgehend zu entfernen.<br \/>Die Urheberrechte Dritter werden vom Betreiber dieser Webseite mit gr\u00f6\u00dfter Sorgfalt beachtet. Sollten Sie trotzdem auf eine Urheberrechtsverletzung aufmerksam werden, bitten wir um einen entsprechenden Hinweis. Bei Bekanntwerden derartiger Rechtsverletzungen werden wir den betroffenen Inhalt umgehend entfernen.<\/p><p>Quelle: Deine <b><a href=\"https:\/\/www.prozessfinanzierung24.at\">Prozessfinanzierung<\/a><\/b><\/p><p>Bild Quellen:\u00a0<\/p>\t\t\t\t\t\t\t\t<\/div>\n\t\t\t\t<\/div>\n\t\t\t\t\t<\/div>\n\t\t\t\t<\/div>\n\t\t\t\t<\/div>","protected":false},"excerpt":{"rendered":"<p>legal notice Informationen gem\u00e4\u00df \u00a7 5 TMG (Telemediengesetz), \u00a7 55 RStV bzw. MStV (Rundfunkstaatsvertrag\/Medienstaatsvertrag) Webseitenbetreiber: Online Business Yvonne DrabneKarpatenstra\u00dfe 9301326 DresdenDeutschland Kontaktdaten:Telefon: +49 173 9270001Mail: hello@booksbypixie.com UID-Nr: DE362679205 Verantwortlich gem\u00e4\u00df \u00a7 18 MStV:Yvonne DrabnerKarpatenstra\u00dfe 9301326 DresdenDeutschland Online Streitbeilegung: Plattform der EU-Kommission zur Online-Streitbeilegung:\u00a0ec.europa.eu\/consumers\/odrDer Verk\u00e4ufer ist weder verpflichtet noch bereit, an einem Streitbeilegungsverfahren vor einer alternativen [&hellip;]<\/p>","protected":false},"author":1,"featured_media":0,"parent":0,"menu_order":0,"comment_status":"closed","ping_status":"closed","template":"elementor_header_footer","meta":{"_monsterinsights_skip_tracking":false,"_monsterinsights_sitenote_active":false,"_monsterinsights_sitenote_note":"","_monsterinsights_sitenote_category":0,"footnotes":""},"class_list":["post-10","page","type-page","status-publish","hentry"],"yoast_head":"<!-- This site is optimized with the Yoast SEO plugin v24.7 - https:\/\/yoast.com\/wordpress\/plugins\/seo\/ -->\n<title>Impressum - Books by Pixie<\/title>\n<meta name=\"robots\" content=\"index, follow, max-snippet:-1, max-image-preview:large, max-video-preview:-1\" \/>\n<link rel=\"canonical\" href=\"https:\/\/booksbypixie.com\/de\/impressum\/\" \/>\n<meta property=\"og:locale\" content=\"de_DE\" \/>\n<meta property=\"og:type\" content=\"article\" \/>\n<meta property=\"og:title\" content=\"Impressum - Books by Pixie\" \/>\n<meta property=\"og:description\" content=\"legal notice Informationen gem\u00e4\u00df \u00a7 5 TMG (Telemediengesetz), \u00a7 55 RStV bzw. MStV (Rundfunkstaatsvertrag\/Medienstaatsvertrag) Webseitenbetreiber: Online Business Yvonne DrabneKarpatenstra\u00dfe 9301326 DresdenDeutschland Kontaktdaten:Telefon: +49 173 9270001Mail: hello@booksbypixie.com UID-Nr: DE362679205 Verantwortlich gem\u00e4\u00df \u00a7 18 MStV:Yvonne DrabnerKarpatenstra\u00dfe 9301326 DresdenDeutschland Online Streitbeilegung: Plattform der EU-Kommission zur Online-Streitbeilegung:\u00a0ec.europa.eu\/consumers\/odrDer Verk\u00e4ufer ist weder verpflichtet noch bereit, an einem Streitbeilegungsverfahren vor einer alternativen [&hellip;]\" \/>\n<meta property=\"og:url\" content=\"https:\/\/booksbypixie.com\/de\/impressum\/\" \/>\n<meta property=\"og:site_name\" content=\"Books by Pixie\" \/>\n<meta property=\"article:modified_time\" content=\"2025-01-10T16:28:33+00:00\" \/>\n<meta name=\"twitter:card\" content=\"summary_large_image\" \/>\n<meta name=\"twitter:label1\" content=\"Gesch\u00e4tzte Lesezeit\" \/>\n\t<meta name=\"twitter:data1\" content=\"2\u00a0Minuten\" \/>\n<script type=\"application\/ld+json\" class=\"yoast-schema-graph\">{\"@context\":\"https:\/\/schema.org\",\"@graph\":[{\"@type\":\"WebPage\",\"@id\":\"https:\/\/booksbypixie.com\/impressum\/\",\"url\":\"https:\/\/booksbypixie.com\/impressum\/\",\"name\":\"Impressum - Books by Pixie\",\"isPartOf\":{\"@id\":\"https:\/\/booksbypixie.com\/#website\"},\"datePublished\":\"2025-01-02T17:31:27+00:00\",\"dateModified\":\"2025-01-10T16:28:33+00:00\",\"breadcrumb\":{\"@id\":\"https:\/\/booksbypixie.com\/impressum\/#breadcrumb\"},\"inLanguage\":\"de\",\"potentialAction\":[{\"@type\":\"ReadAction\",\"target\":[\"https:\/\/booksbypixie.com\/impressum\/\"]}]},{\"@type\":\"BreadcrumbList\",\"@id\":\"https:\/\/booksbypixie.com\/impressum\/#breadcrumb\",\"itemListElement\":[{\"@type\":\"ListItem\",\"position\":1,\"name\":\"Startseite\",\"item\":\"https:\/\/booksbypixie.com\/\"},{\"@type\":\"ListItem\",\"position\":2,\"name\":\"Impressum\"}]},{\"@type\":\"WebSite\",\"@id\":\"https:\/\/booksbypixie.com\/#website\",\"url\":\"https:\/\/booksbypixie.com\/\",\"name\":\"Books by Pixie\",\"description\":\"Coloring books by Yvonne Drabner\",\"publisher\":{\"@id\":\"https:\/\/booksbypixie.com\/#\/schema\/person\/4bade629933052b9deb3256609e9abd3\"},\"potentialAction\":[{\"@type\":\"SearchAction\",\"target\":{\"@type\":\"EntryPoint\",\"urlTemplate\":\"https:\/\/booksbypixie.com\/?s={search_term_string}\"},\"query-input\":{\"@type\":\"PropertyValueSpecification\",\"valueRequired\":true,\"valueName\":\"search_term_string\"}}],\"inLanguage\":\"de\"},{\"@type\":[\"Person\",\"Organization\"],\"@id\":\"https:\/\/booksbypixie.com\/#\/schema\/person\/4bade629933052b9deb3256609e9abd3\",\"name\":\"yvonneD111\",\"image\":{\"@type\":\"ImageObject\",\"inLanguage\":\"de\",\"@id\":\"https:\/\/booksbypixie.com\/#\/schema\/person\/image\/\",\"url\":\"https:\/\/booksbypixie.com\/wp-content\/uploads\/2025\/01\/cropped-books-by-pixie-logo.png\",\"contentUrl\":\"https:\/\/booksbypixie.com\/wp-content\/uploads\/2025\/01\/cropped-books-by-pixie-logo.png\",\"width\":1898,\"height\":1478,\"caption\":\"yvonneD111\"},\"logo\":{\"@id\":\"https:\/\/booksbypixie.com\/#\/schema\/person\/image\/\"},\"sameAs\":[\"http:\/\/booksbypixie.com\"]}]}<\/script>\n<!-- \/ Yoast SEO plugin. -->","yoast_head_json":{"title":"Impressum - Books by Pixie","robots":{"index":"index","follow":"follow","max-snippet":"max-snippet:-1","max-image-preview":"max-image-preview:large","max-video-preview":"max-video-preview:-1"},"canonical":"https:\/\/booksbypixie.com\/de\/impressum\/","og_locale":"de_DE","og_type":"article","og_title":"Impressum - Books by Pixie","og_description":"legal notice Informationen gem\u00e4\u00df \u00a7 5 TMG (Telemediengesetz), \u00a7 55 RStV bzw. MStV (Rundfunkstaatsvertrag\/Medienstaatsvertrag) Webseitenbetreiber: Online Business Yvonne DrabneKarpatenstra\u00dfe 9301326 DresdenDeutschland Kontaktdaten:Telefon: +49 173 9270001Mail: hello@booksbypixie.com UID-Nr: DE362679205 Verantwortlich gem\u00e4\u00df \u00a7 18 MStV:Yvonne DrabnerKarpatenstra\u00dfe 9301326 DresdenDeutschland Online Streitbeilegung: Plattform der EU-Kommission zur Online-Streitbeilegung:\u00a0ec.europa.eu\/consumers\/odrDer Verk\u00e4ufer ist weder verpflichtet noch bereit, an einem Streitbeilegungsverfahren vor einer alternativen [&hellip;]","og_url":"https:\/\/booksbypixie.com\/de\/impressum\/","og_site_name":"Books by Pixie","article_modified_time":"2025-01-10T16:28:33+00:00","twitter_card":"summary_large_image","twitter_misc":{"Gesch\u00e4tzte Lesezeit":"2\u00a0Minuten"},"schema":{"@context":"https:\/\/schema.org","@graph":[{"@type":"WebPage","@id":"https:\/\/booksbypixie.com\/impressum\/","url":"https:\/\/booksbypixie.com\/impressum\/","name":"Impressum - Books by Pixie","isPartOf":{"@id":"https:\/\/booksbypixie.com\/#website"},"datePublished":"2025-01-02T17:31:27+00:00","dateModified":"2025-01-10T16:28:33+00:00","breadcrumb":{"@id":"https:\/\/booksbypixie.com\/impressum\/#breadcrumb"},"inLanguage":"de","potentialAction":[{"@type":"ReadAction","target":["https:\/\/booksbypixie.com\/impressum\/"]}]},{"@type":"BreadcrumbList","@id":"https:\/\/booksbypixie.com\/impressum\/#breadcrumb","itemListElement":[{"@type":"ListItem","position":1,"name":"Startseite","item":"https:\/\/booksbypixie.com\/"},{"@type":"ListItem","position":2,"name":"Impressum"}]},{"@type":"WebSite","@id":"https:\/\/booksbypixie.com\/#website","url":"https:\/\/booksbypixie.com\/","name":"Books by Pixie","description":"Coloring books by Yvonne Drabner","publisher":{"@id":"https:\/\/booksbypixie.com\/#\/schema\/person\/4bade629933052b9deb3256609e9abd3"},"potentialAction":[{"@type":"SearchAction","target":{"@type":"EntryPoint","urlTemplate":"https:\/\/booksbypixie.com\/?s={search_term_string}"},"query-input":{"@type":"PropertyValueSpecification","valueRequired":true,"valueName":"search_term_string"}}],"inLanguage":"de"},{"@type":["Person","Organization"],"@id":"https:\/\/booksbypixie.com\/#\/schema\/person\/4bade629933052b9deb3256609e9abd3","name":"yvonneD111","image":{"@type":"ImageObject","inLanguage":"de","@id":"https:\/\/booksbypixie.com\/#\/schema\/person\/image\/","url":"https:\/\/booksbypixie.com\/wp-content\/uploads\/2025\/01\/cropped-books-by-pixie-logo.png","contentUrl":"https:\/\/booksbypixie.com\/wp-content\/uploads\/2025\/01\/cropped-books-by-pixie-logo.png","width":1898,"height":1478,"caption":"yvonneD111"},"logo":{"@id":"https:\/\/booksbypixie.com\/#\/schema\/person\/image\/"},"sameAs":["http:\/\/booksbypixie.com"]}]}},"_links":{"self":[{"href":"https:\/\/booksbypixie.com\/de\/wp-json\/wp\/v2\/pages\/10","targetHints":{"allow":["GET"]}}],"collection":[{"href":"https:\/\/booksbypixie.com\/de\/wp-json\/wp\/v2\/pages"}],"about":[{"href":"https:\/\/booksbypixie.com\/de\/wp-json\/wp\/v2\/types\/page"}],"author":[{"embeddable":true,"href":"https:\/\/booksbypixie.com\/de\/wp-json\/wp\/v2\/users\/1"}],"replies":[{"embeddable":true,"href":"https:\/\/booksbypixie.com\/de\/wp-json\/wp\/v2\/comments?post=10"}],"version-history":[{"count":10,"href":"https:\/\/booksbypixie.com\/de\/wp-json\/wp\/v2\/pages\/10\/revisions"}],"predecessor-version":[{"id":826,"href":"https:\/\/booksbypixie.com\/de\/wp-json\/wp\/v2\/pages\/10\/revisions\/826"}],"wp:attachment":[{"href":"https:\/\/booksbypixie.com\/de\/wp-json\/wp\/v2\/media?parent=10"}],"curies":[{"name":"wp","href":"https:\/\/api.w.org\/{rel}","templated":true}]}}